{"id":1538,"date":"2018-09-10T12:46:43","date_gmt":"2018-09-10T12:46:43","guid":{"rendered":"http:\/\/law-firm.bold-themes.com\/master-import\/?page_id=7"},"modified":"2024-10-29T15:11:12","modified_gmt":"2024-10-29T18:11:12","slug":"home","status":"publish","type":"page","link":"https:\/\/labsl.com.br\/vet\/","title":{"rendered":"Home"},"content":{"rendered":"<p><section id=\"bt_bb_section6a044b375b6eb\" class=\"bt_bb_section bt_bb_color_scheme_1 bt_bb_layout_wide bt_bb_vertical_align_top bt_bb_background_overlay_accent_top_gradient bt_bb_bottom_section_coverage_image bt_bb_section_with_bottom_coverage_image bt_bb_top_spacing_normal bt_bb_bottom_spacing_normal bt_bb_section_allow_content_outside\" style=\"; --section-primary-color:#ffffff; --section-secondary-color:#191919;;background-color:rgba(0,50,158,0.82);\" data-bt-override-class=\"{&quot;bt_bb_top_spacing_&quot;:{&quot;current_class&quot;:&quot;bt_bb_top_spacing_normal&quot;,&quot;xxl&quot;:&quot;normal&quot;},&quot;bt_bb_bottom_spacing_&quot;:{&quot;current_class&quot;:&quot;bt_bb_bottom_spacing_normal&quot;,&quot;xxl&quot;:&quot;normal&quot;}}\"><div class=\"bt_bb_background_image_holder_wrapper\"><div class=\"bt_bb_background_image_holder bt_bb_parallax\"  data-parallax=\"0.7\" data-parallax-offset=\"0\" data-parallax-zoom-start=\"1\" data-parallax-zoom-end=\"1\" data-parallax-blur-start=\"0\" data-parallax-blur-end=\"0\" data-parallax-opacity-start=\"1\" data-parallax-opacity-end=\"1\" style=\" background-image:url(&#039;https:\/\/labsl.com.br\/vet\/wp-content\/uploads\/2024\/09\/Home3-slider-bg-01.jpg&#039;);\"><\/div><\/div><div class=\"bt_bb_port\"><div class=\"bt_bb_cell\"><div class=\"bt_bb_cell_inner\"><div class=\"bt_bb_row bt_bb_row_push_right bt_bb_content_wide bt_bb_row_width_boxed_1200 bt_bb_row_width_boxed  bt_bb_column_gap_0\" style=\"; --column-gap:0px;\" data-bt-override-class=\"{}\"><div class=\"bt_bb_row_holder\" ><div  class=\"bt_bb_column col-xxl-6 col-xl-6 bt_bb_vertical_align_middle bt_bb_align_left bt_bb_padding_normal bt_bb_animation_fade_in animate\" style=\"; --column-width:6;\" data-width=\"6\" data-bt-override-class=\"{}\"><div class=\"bt_bb_column_content\"><div class=\"bt_bb_column_content_inner\"><header class=\"bt_bb_headline bt_bb_color_scheme_1 bt_bb_dash_bottom bt_bb_size_large bt_bb_align_inherit\" style=\"; --primary-color:#ffffff; --secondary-color:#191919;\" data-bt-override-class=\"{}\"><h1 class=\"bt_bb_headline_tag\"><span class=\"bt_bb_headline_content\"><span>Bem-vindo ao S\u00e3o Lucas Vet!<\/span><\/span><\/h1><\/header><div class=\"bt_bb_separator bt_bb_border_style_none bt_bb_bottom_spacing_small\" data-bt-override-class=\"null\"><\/div><header data-bb-version=\"4.9.1\" class=\"bt_bb_headline bt_bb_subheadline_text_transform_default bt_bb_dash_none bt_bb_size_inherit bt_bb_align_inherit\" data-bt-override-class=\"{&quot;bt_bb_size_&quot;:{&quot;current_class&quot;:&quot;bt_bb_size_inherit&quot;,&quot;xxl&quot;:&quot;inherit&quot;},&quot;bt_bb_align_&quot;:{&quot;current_class&quot;:&quot;bt_bb_align_inherit&quot;,&quot;xxl&quot;:&quot;inherit&quot;}}\"><h4 class=\"bt_bb_headline_tag\"><span class=\"bt_bb_headline_content\"><span>Aqui, oferecemos uma estrutura completa e moderna para diagn\u00f3stico laboratorial veterin\u00e1rio, garantindo agilidade, precis\u00e3o e confian\u00e7a nos resultados.<\/span><\/span><\/h4><\/header><div class=\"bt_bb_separator bt_bb_border_style_none bt_bb_bottom_spacing_small\" data-bt-override-class=\"null\"><\/div><div class=\"bt_bb_separator bt_bb_border_style_none bt_bb_border_color_none bt_bb_bottom_spacing_large\" data-bt-override-class=\"null\"><\/div><\/div><\/div><\/div><div  class=\"bt_bb_column col-xxl-6 col-xl-6 bt_bb_vertical_align_top bt_bb_align_left bt_bb_padding_normal\" style=\"; --column-width:6;\" data-width=\"6\" data-bt-override-class=\"{}\"><div class=\"bt_bb_column_content\"><div class=\"bt_bb_column_content_inner\"><\/div><\/div><\/div><\/div><\/div><\/div><!-- cell_inner --><\/div><!-- cell --><\/div><!-- port --><div class=\"bt_bb_section_bottom_section_coverage_image\"><img decoding=\"async\" src=\"https:\/\/labsl.com.br\/vet\/wp-content\/uploads\/2020\/06\/cover_bottom_gray_noshadow_01.png\" alt=\"bt_bb_section_bottom_section_coverage_image\" \/><\/div><\/section><section id=\"bt_bb_section6a044b375bc38\" class=\"bt_bb_section bt_bb_color_scheme_15 bt_bb_layout_boxed_1200 bt_bb_vertical_align_top bt_bb_top_spacing_large\" style=\"z-index: 2;; --section-primary-color:#1f3b64; --section-secondary-color:#eaeef3;\" data-bt-override-class=\"null\"><div class=\"bt_bb_port\"><div class=\"bt_bb_cell\"><div class=\"bt_bb_cell_inner\"><div class=\"bt_bb_row \"  data-bt-override-class=\"{}\"><div class=\"bt_bb_row_holder\" ><div  class=\"bt_bb_column col-xxl-12 col-xl-12 bt_bb_vertical_align_top bt_bb_align_left bt_bb_padding_normal\" style=\"position: relative;; --column-width:12;\" data-width=\"12\" data-bt-override-class=\"{}\"><div class=\"bt_bb_column_content\"><div class=\"bt_bb_column_content_inner\"><\/div><\/div><\/div><\/div><\/div><div class=\"bt_bb_row \"  data-bt-override-class=\"{}\"><div class=\"bt_bb_row_holder\" ><div  class=\"bt_bb_column col-xxl-3 col-xl-3 bt_bb_vertical_align_top bt_bb_align_center bt_bb_padding_normal bt_bb_animation_fade_in animate\" style=\"; --column-width:3;\" data-width=\"3\" data-bt-override-class=\"{}\"><div class=\"bt_bb_column_content\"><div class=\"bt_bb_column_content_inner\"><div class=\"bt_bb_card_image bt_bb_border_show bt_bb_size_small bt_bb_shadow_show\"><div class=\"bt_bb_card_image_background\">\r\n\t\t\t<div class=\"bt_bb_image bt_bb_shape_square bt_bb_target_self\" data-bt-override-class=\"{}\"><a href=\"https:\/\/labsl.com.br\/vet\/guia-de-exames\/\"  target=\"_self\" title=\"Guia de exames\"><img loading=\"lazy\" decoding=\"async\" width=\"500\" height=\"500\" src=\"https:\/\/labsl.com.br\/vet\/wp-content\/uploads\/2024\/10\/gua-de-exames-.jpg\" class=\"attachment-full size-full\" alt=\"Guia de exames\" data-full_image_src=\"https:\/\/labsl.com.br\/vet\/wp-content\/uploads\/2024\/10\/gua-de-exames-.jpg\" title=\"Guia de exames\" srcset=\"https:\/\/labsl.com.br\/vet\/wp-content\/uploads\/2024\/10\/gua-de-exames-.jpg 500w, https:\/\/labsl.com.br\/vet\/wp-content\/uploads\/2024\/10\/gua-de-exames--160x160.jpg 160w, https:\/\/labsl.com.br\/vet\/wp-content\/uploads\/2024\/10\/gua-de-exames--320x320.jpg 320w\" sizes=\"auto, (max-width: 500px) 100vw, 500px\" \/><\/a><\/div>\r\n\t\t<\/div><div class=\"bt_bb_card_image_text_box\"><div class=\"bt_bb_card_image_title\"><header class=\"bt_bb_headline bt_bb_size_small\" data-bt-override-class=\"{}\"><h3 class=\"bt_bb_headline_tag\"><span class=\"bt_bb_headline_content\"><span><a href=\"https:\/\/labsl.com.br\/vet\/guia-de-exames\/\" target=\"_self\" title=\"Guia de exames\">Guia de exames<\/a><\/span><\/span><\/h3><\/header><\/div><div class=\"bt_bb_card_image_text\">Um guia de exames completo para voc\u00ea tirar todas as suas d\u00favidas<\/div><div class=\"bt_bb_card_image_content_inner\"><div class=\"bt_bb_separator bt_bb_border_style_none bt_bb_border_color_none bt_bb_bottom_spacing_20\" data-bt-override-class=\"null\"><\/div><\/div><\/div><\/div><div class=\"bt_bb_separator bt_bb_border_style_none bt_bb_border_color_none bt_bb_bottom_spacing_40\" data-bt-override-class=\"null\"><\/div><div class=\"bt_bb_card_image bt_bb_size_small bt_bb_shadow_show\"><div class=\"bt_bb_card_image_background\">\r\n\t\t\t<div class=\"bt_bb_image bt_bb_shape_square bt_bb_target_self\" data-bt-override-class=\"{}\"><a href=\"https:\/\/labsl.com.br\/vet\/solicitacao-de-exames\/\"  target=\"_self\" title=\"Solicita\u00e7\u00e3o de exames\"><img loading=\"lazy\" decoding=\"async\" width=\"500\" height=\"500\" src=\"https:\/\/labsl.com.br\/vet\/wp-content\/uploads\/2024\/10\/horse-cat-are-rabbit-cat.jpg\" class=\"attachment-full size-full\" alt=\"Solicita\u00e7\u00e3o de exames\" data-full_image_src=\"https:\/\/labsl.com.br\/vet\/wp-content\/uploads\/2024\/10\/horse-cat-are-rabbit-cat.jpg\" title=\"Solicita\u00e7\u00e3o de exames\" srcset=\"https:\/\/labsl.com.br\/vet\/wp-content\/uploads\/2024\/10\/horse-cat-are-rabbit-cat.jpg 500w, https:\/\/labsl.com.br\/vet\/wp-content\/uploads\/2024\/10\/horse-cat-are-rabbit-cat-160x160.jpg 160w, https:\/\/labsl.com.br\/vet\/wp-content\/uploads\/2024\/10\/horse-cat-are-rabbit-cat-320x320.jpg 320w\" sizes=\"auto, (max-width: 500px) 100vw, 500px\" \/><\/a><\/div>\r\n\t\t<\/div><div class=\"bt_bb_card_image_text_box\"><div class=\"bt_bb_card_image_title\"><header class=\"bt_bb_headline bt_bb_size_small\" data-bt-override-class=\"{}\"><h3 class=\"bt_bb_headline_tag\"><span class=\"bt_bb_headline_content\"><span><a href=\"https:\/\/labsl.com.br\/vet\/solicitacao-de-exames\/\" target=\"_self\" title=\"Solicita\u00e7\u00e3o de exames\">Solicita\u00e7\u00e3o de exames<\/a><\/span><\/span><\/h3><\/header><\/div><div class=\"bt_bb_card_image_text\">Menos papel e mais agilidade! Agora voc\u00ea pode fazer a sua solicita\u00e7\u00e3o de exames on-line.<\/div><div class=\"bt_bb_card_image_content_inner\"><div class=\"bt_bb_separator bt_bb_border_style_none bt_bb_border_color_none bt_bb_bottom_spacing_20\" data-bt-override-class=\"null\"><\/div><\/div><\/div><\/div><div class=\"bt_bb_separator bt_bb_border_style_none bt_bb_bottom_spacing_medium bt_bb_hidden_md bt_bb_hidden_lg\" data-bt-override-class=\"null\"><\/div><\/div><\/div><\/div><div  class=\"bt_bb_column col-xxl-3 col-xl-3 bt_bb_vertical_align_top bt_bb_align_center bt_bb_padding_normal bt_bb_animation_fade_in animate\" style=\"; --column-width:3;\" data-width=\"3\" data-bt-override-class=\"{}\"><div class=\"bt_bb_column_content\"><div class=\"bt_bb_column_content_inner\"><div class=\"bt_bb_card_image bt_bb_border_show bt_bb_size_small bt_bb_shadow_show\"><div class=\"bt_bb_card_image_background\">\r\n\t\t\t<div class=\"bt_bb_image bt_bb_shape_square bt_bb_target_self\" data-bt-override-class=\"{}\"><a href=\"http:\/\/services\"  target=\"_self\" title=\"Resultados de Exames\"><img loading=\"lazy\" decoding=\"async\" width=\"500\" height=\"500\" src=\"https:\/\/labsl.com.br\/vet\/wp-content\/uploads\/2024\/10\/resultado-de-exames.jpg\" class=\"attachment-full size-full\" alt=\"Resultados de Exames\" data-full_image_src=\"https:\/\/labsl.com.br\/vet\/wp-content\/uploads\/2024\/10\/resultado-de-exames.jpg\" title=\"Resultados de Exames\" srcset=\"https:\/\/labsl.com.br\/vet\/wp-content\/uploads\/2024\/10\/resultado-de-exames.jpg 500w, https:\/\/labsl.com.br\/vet\/wp-content\/uploads\/2024\/10\/resultado-de-exames-160x160.jpg 160w, https:\/\/labsl.com.br\/vet\/wp-content\/uploads\/2024\/10\/resultado-de-exames-320x320.jpg 320w\" sizes=\"auto, (max-width: 500px) 100vw, 500px\" \/><\/a><\/div>\r\n\t\t<\/div><div class=\"bt_bb_card_image_text_box\"><div class=\"bt_bb_card_image_title\"><header class=\"bt_bb_headline bt_bb_size_small\" data-bt-override-class=\"{}\"><h3 class=\"bt_bb_headline_tag\"><span class=\"bt_bb_headline_content\"><span><a href=\"services\" target=\"_self\" title=\"Resultados de Exames\">Resultados de Exames<\/a><\/span><\/span><\/h3><\/header><\/div><div class=\"bt_bb_card_image_text\">Aqui voc\u00ea tem acesso aos resultados de forma pr\u00e1tica e r\u00e1pida acessando de onde estiver.<\/div><\/div><\/div><div class=\"bt_bb_separator bt_bb_border_style_none bt_bb_bottom_spacing_normal\" data-bt-override-class=\"{&quot;bt_bb_bottom_spacing_&quot;:{&quot;current_class&quot;:&quot;bt_bb_bottom_spacing_normal&quot;,&quot;xxl&quot;:&quot;normal&quot;}}\"><\/div><div class=\"bt_bb_card_image bt_bb_size_small bt_bb_shadow_show\"><div class=\"bt_bb_card_image_background\">\r\n\t\t\t<div class=\"bt_bb_image bt_bb_shape_square bt_bb_target_self\" data-bt-override-class=\"{}\"><a href=\"https:\/\/labsl.com.br\/vet\/seja-nosso-parceiro\/\"  target=\"_self\" title=\"Seja um parceiro\"><img loading=\"lazy\" decoding=\"async\" width=\"500\" height=\"500\" src=\"https:\/\/labsl.com.br\/vet\/wp-content\/uploads\/2024\/10\/seja-um-parceiro-.jpg\" class=\"attachment-full size-full\" alt=\"Seja um parceiro\" data-full_image_src=\"https:\/\/labsl.com.br\/vet\/wp-content\/uploads\/2024\/10\/seja-um-parceiro-.jpg\" title=\"Seja um parceiro\" srcset=\"https:\/\/labsl.com.br\/vet\/wp-content\/uploads\/2024\/10\/seja-um-parceiro-.jpg 500w, https:\/\/labsl.com.br\/vet\/wp-content\/uploads\/2024\/10\/seja-um-parceiro--160x160.jpg 160w, https:\/\/labsl.com.br\/vet\/wp-content\/uploads\/2024\/10\/seja-um-parceiro--320x320.jpg 320w\" sizes=\"auto, (max-width: 500px) 100vw, 500px\" \/><\/a><\/div>\r\n\t\t<\/div><div class=\"bt_bb_card_image_text_box\"><div class=\"bt_bb_card_image_title\"><header class=\"bt_bb_headline bt_bb_size_small\" data-bt-override-class=\"{}\"><h3 class=\"bt_bb_headline_tag\"><span class=\"bt_bb_headline_content\"><span><a href=\"https:\/\/labsl.com.br\/vet\/seja-nosso-parceiro\/\" target=\"_self\" title=\"Seja um parceiro\">Seja um parceiro<\/a><\/span><\/span><\/h3><\/header><\/div><div class=\"bt_bb_card_image_text\">Traga mais seguran\u00e7a para os seus pacientes! Preencha o formul\u00e1rio e fa\u00e7a parte da nossa rede de parceiros<\/div><div class=\"bt_bb_card_image_content_inner\"><div class=\"bt_bb_separator bt_bb_border_style_none bt_bb_border_color_none bt_bb_bottom_spacing_20\" data-bt-override-class=\"null\"><\/div><\/div><\/div><\/div><\/div><\/div><\/div><div  class=\"bt_bb_column col-xxl-6 col-xl-6 bt_bb_vertical_align_middle bt_bb_align_left bt_bb_padding_normal bt_bb_animation_fade_in animate\" style=\"; --column-width:6;\" data-width=\"6\" data-bt-override-class=\"{}\"><div class=\"bt_bb_column_content\"><div class=\"bt_bb_column_content_inner\"><header class=\"bt_bb_headline bt_bb_color_scheme_12 bt_bb_dash_top bt_bb_superheadline bt_bb_subheadline bt_bb_size_normal bt_bb_align_inherit\" style=\" max-width: 470px;; --primary-color:#1f3b64; --secondary-color:#219191;\" data-bt-override-class=\"{}\"><h3 class=\"bt_bb_headline_tag\"><span class=\"bt_bb_headline_superheadline\">S\u00e3o Lucas<\/span><span class=\"bt_bb_headline_content\"><span>Compromisso com o bem-estar animal<\/span><\/span><\/h3><div class=\"bt_bb_headline_subheadline\">Trabalhamos em parceria com veterin\u00e1rios para oferecer resultados detalhados e confi\u00e1veis, possibilitando tratamentos mais eficazes e personalizados. Seu animal de estima\u00e7\u00e3o \u00e9 tratado com todo o carinho e aten\u00e7\u00e3o que ele merece.<\/div><\/header><div class=\"bt_bb_separator bt_bb_border_style_none bt_bb_bottom_spacing_normal\" data-bt-override-class=\"null\"><\/div><div  class=\"bt_bb_text\" style=\"max-width: 450px;\"><\/p>\n<h4><strong>Nossos Servi\u00e7os:<\/strong><\/h5>\n<ul>\n<li style=\"font-weight: 400\"><span style=\"font-weight: 400\">Bioqu\u00edmica e Hematologia<\/span><\/li>\n<li style=\"font-weight: 400\"><span style=\"font-weight: 400\">Uroan\u00e1lise e Parasitologia<\/span><\/li>\n<li style=\"font-weight: 400\"><span style=\"font-weight: 400\">Microbiologia<\/span><\/li>\n<li style=\"font-weight: 400\"><span style=\"font-weight: 400\">Biologia molecular\u00a0<\/span><\/li>\n<li style=\"font-weight: 400\"><span style=\"font-weight: 400\">Hemostasia<\/span><\/li>\n<li style=\"font-weight: 400\"><span style=\"font-weight: 400\">Anatomia Patol\u00f3gica e Citologia<\/span><\/li>\n<li style=\"font-weight: 400\"><span style=\"font-weight: 400\">Exames para Grandes e Pequenos<\/span><\/li>\n<\/ul>\n<p>\n<\/div><div class=\"bt_bb_separator bt_bb_border_style_none bt_bb_bottom_spacing_normal\" data-bt-override-class=\"null\"><\/div><div  class=\"bt_bb_text\" style=\"max-width: 450px;\"><\/p>\n<h4><strong>Nossos Hor\u00e1rios de Atendimento<\/strong><\/h4>\n<ul>\n<li style=\"font-weight: 400\"><span style=\"font-weight: 400\">Segunda a sexta: das 08h00 \u00e0s 12h00 e das 13h30 \u00e0s 18h00<\/span><\/li>\n<li style=\"font-weight: 400\"><span style=\"font-weight: 400\">S\u00e1bados: das 08h00 \u00e0s 12h00<\/span><\/li>\n<\/ul>\n<p>\n<\/div><div class=\"bt_bb_separator bt_bb_border_style_none bt_bb_bottom_spacing_normal\" data-bt-override-class=\"null\"><\/div><div class=\"bt_bb_separator bt_bb_border_style_none bt_bb_bottom_spacing_large\" data-bt-override-class=\"{&quot;bt_bb_bottom_spacing_&quot;:{&quot;current_class&quot;:&quot;bt_bb_bottom_spacing_large&quot;,&quot;xxl&quot;:&quot;large&quot;}}\"><\/div><div class=\"bt_bb_separator bt_bb_border_style_none bt_bb_bottom_spacing_large\" data-bt-override-class=\"{&quot;bt_bb_bottom_spacing_&quot;:{&quot;current_class&quot;:&quot;bt_bb_bottom_spacing_large&quot;,&quot;xxl&quot;:&quot;large&quot;}}\"><\/div><\/div><\/div><\/div><\/div><\/div><\/div><!-- cell_inner --><\/div><!-- cell --><\/div><!-- port --><\/section><section id=\"bt_bb_section6a044b375e10c\" class=\"bt_bb_section bt_bb_color_scheme_15 bt_bb_layout_boxed_1200 bt_bb_vertical_align_top bt_bb_background_overlay_light_bottom_gradient bt_bb_bottom_spacing_normal\" style=\"z-index: 2;; --section-primary-color:#1f3b64; --section-secondary-color:#eaeef3;\" data-bt-override-class=\"null\"><div class=\"bt_bb_port\"><div class=\"bt_bb_cell\"><div class=\"bt_bb_cell_inner\"><div class=\"bt_bb_row \"  data-bt-override-class=\"{}\"><div class=\"bt_bb_row_holder\" ><div  class=\"bt_bb_column col-xxl-12 col-xl-12 bt_bb_vertical_align_top bt_bb_align_center bt_bb_padding_normal bt_bb_animation_fade_in animate\" style=\"; --column-width:12;\" data-width=\"12\" data-bt-override-class=\"{}\"><div class=\"bt_bb_column_content\"><div class=\"bt_bb_column_content_inner\"><header class=\"bt_bb_headline bt_bb_dash_top bt_bb_superheadline bt_bb_size_normal bt_bb_align_inherit\" data-bt-override-class=\"{}\"><h3 class=\"bt_bb_headline_tag\"><span class=\"bt_bb_headline_superheadline\">Novidades do S\u00e3o Lucas VET<\/span><span class=\"bt_bb_headline_content\"><span>Conhe\u00e7a os \u00faltimos artigos do nosso blog<\/span><\/span><\/h3><\/header><div class=\"bt_bb_separator bt_bb_border_style_none bt_bb_bottom_spacing_small\" data-bt-override-class=\"{&quot;bt_bb_bottom_spacing_&quot;:{&quot;current_class&quot;:&quot;bt_bb_bottom_spacing_small&quot;,&quot;xxl&quot;:&quot;small&quot;}}\"><\/div><\/div><\/div><\/div><\/div><\/div><\/div><!-- cell_inner --><\/div><!-- cell --><\/div><!-- port --><\/section><section data-bb-version=\"4.9.1\" id=\"bt_bb_section6a044b375e30f\" class=\"bt_bb_section bt_bb_layout_boxed_1200\"  data-bt-override-class=\"null\"><div class=\"bt_bb_port\"><div class=\"bt_bb_cell\"><div class=\"bt_bb_cell_inner\"><div class=\"bt_bb_row \"  data-bt-override-class=\"{}\"><div class=\"bt_bb_row_holder\" ><div data-bb-version=\"4.9.1\"  class=\"bt_bb_column col-xxl-12 col-xl-12 col-xs-12 col-sm-12 col-md-12 col-lg-12 bt_bb_vertical_align_top bt_bb_align_left bt_bb_padding_normal\" style=\"; --column-width:12;\" data-width=\"12\" data-bt-override-class=\"{}\"><div class=\"bt_bb_column_content\"><div class=\"bt_bb_column_content_inner\"><\/div><\/div><\/div><\/div><\/div><\/div><!-- cell_inner --><\/div><!-- cell --><\/div><!-- port --><\/section><section data-bb-version=\"4.9.1\" id=\"bt_bb_section6a044b375e408\" class=\"bt_bb_section bt_bb_layout_boxed_1200\"  data-bt-override-class=\"null\"><div class=\"bt_bb_port\"><div class=\"bt_bb_cell\"><div class=\"bt_bb_cell_inner\"><div class=\"bt_bb_row \"  data-bt-override-class=\"{}\"><div class=\"bt_bb_row_holder\" ><div data-bb-version=\"4.9.1\"  class=\"bt_bb_column col-xxl-12 col-xl-12 col-xs-12 col-sm-12 col-md-12 col-lg-12 bt_bb_vertical_align_top bt_bb_align_left bt_bb_padding_normal\" style=\"; --column-width:12;\" data-width=\"12\" data-bt-override-class=\"{}\"><div class=\"bt_bb_column_content\"><div class=\"bt_bb_column_content_inner\"><div data-bb-version=\"4.9.1\" class=\"bt_bb_css_post_grid bt_bb_grid_container bt_bb_columns_4 bt_bb_gap_normal bt_bb_title_lines_4 bt_bb_hover_style_zoom bt_bb_shape_round\" data-columns=\"4\" data-offset=\"0\"><div class=\"bt_bb_css_post_grid_content bt_bb_grid_hide\" data-bt-bb-css-post-grid-nonce=\"f4e29e3dfd\" data-number=\"4\" data-category=\"\" data-show=\"%7B%22excerpt%22%3Afalse%2C%22share%22%3Afalse%7D\" data-show-superheadline=\"%7B%22category%22%3Afalse%2C%22date%22%3Afalse%2C%22author%22%3Afalse%2C%22comments%22%3Afalse%2C%22%22%3Atrue%7D\" \r\n\t\tdata-title-html-tag=\"h1\" \r\n\t\tdata-img-base-size=\"large\" data-show-subheadline=\"%7B%22category%22%3Afalse%2C%22date%22%3Afalse%2C%22author%22%3Afalse%2C%22comments%22%3Afalse%2C%22%22%3Atrue%7D\" data-show-subheadline=\"%7B%22category%22%3Afalse%2C%22date%22%3Afalse%2C%22author%22%3Afalse%2C%22comments%22%3Afalse%2C%22%22%3Atrue%7D\"  data-format=\"\" data-post-type=\"post\" data-auto-loading=\"\" data-bt-override-class=\"{}\" data-no-posts-text=\"No posts found.\">\r\n\t\t<\/div><div class=\"bt_bb_post_grid_loader\"><\/div><div  class=\"bt_bb_css_post_grid_button_holder\"><button type=\"button\" class=\"bt_bb_css_post_grid_button\">Load more<\/button><\/div><\/div><div class=\"bt_bb_separator bt_bb_border_style_none bt_bb_bottom_spacing_large\" data-bt-override-class=\"{&quot;bt_bb_bottom_spacing_&quot;:{&quot;current_class&quot;:&quot;bt_bb_bottom_spacing_large&quot;,&quot;xxl&quot;:&quot;large&quot;}}\"><\/div><\/div><\/div><\/div><\/div><\/div><\/div><!-- cell_inner --><\/div><!-- cell --><\/div><!-- port --><\/section><\/p>\n","protected":false},"excerpt":{"rendered":"","protected":false},"author":2,"featured_media":0,"parent":0,"menu_order":0,"comment_status":"closed","ping_status":"closed","template":"","meta":{"footnotes":""},"class_list":["post-1538","page","type-page","status-publish","hentry"],"_links":{"self":[{"href":"https:\/\/labsl.com.br\/vet\/wp-json\/wp\/v2\/pages\/1538","targetHints":{"allow":["GET"]}}],"collection":[{"href":"https:\/\/labsl.com.br\/vet\/wp-json\/wp\/v2\/pages"}],"about":[{"href":"https:\/\/labsl.com.br\/vet\/wp-json\/wp\/v2\/types\/page"}],"author":[{"embeddable":true,"href":"https:\/\/labsl.com.br\/vet\/wp-json\/wp\/v2\/users\/2"}],"replies":[{"embeddable":true,"href":"https:\/\/labsl.com.br\/vet\/wp-json\/wp\/v2\/comments?post=1538"}],"version-history":[{"count":23,"href":"https:\/\/labsl.com.br\/vet\/wp-json\/wp\/v2\/pages\/1538\/revisions"}],"predecessor-version":[{"id":3523,"href":"https:\/\/labsl.com.br\/vet\/wp-json\/wp\/v2\/pages\/1538\/revisions\/3523"}],"wp:attachment":[{"href":"https:\/\/labsl.com.br\/vet\/wp-json\/wp\/v2\/media?parent=1538"}],"curies":[{"name":"wp","href":"https:\/\/api.w.org\/{rel}","templated":true}]}}