{"id":3239,"date":"2020-06-16T13:48:16","date_gmt":"2020-06-16T13:48:16","guid":{"rendered":"http:\/\/novalab.bold-themes.com\/nova-a\/?page_id=3239"},"modified":"2024-10-29T14:40:58","modified_gmt":"2024-10-29T17:40:58","slug":"quem-somos","status":"publish","type":"page","link":"https:\/\/labsl.com.br\/vet\/quem-somos\/","title":{"rendered":"Quem Somos"},"content":{"rendered":"<p><section id=\"bt_bb_section6a04554c47b24\" class=\"bt_bb_section bt_bb_color_scheme_10 bt_bb_layout_boxed_1200 bt_bb_vertical_align_top bt_bb_background_overlay_dark_solid bt_bb_bottom_section_coverage_image bt_bb_section_with_bottom_coverage_image bt_bb_top_spacing_large bt_bb_bottom_spacing_extra_large\" style=\"; --section-primary-color:#ffffff; --section-secondary-color:#1f3b64;\" data-bt-override-class=\"null\"><div class=\"bt_bb_background_image_holder_wrapper\"><div class=\"bt_bb_background_image_holder bt_bb_parallax\"  data-parallax=\"0.7\" data-parallax-offset=\"0\" data-parallax-zoom-start=\"1\" data-parallax-zoom-end=\"1\" data-parallax-blur-start=\"0\" data-parallax-blur-end=\"0\" data-parallax-opacity-start=\"1\" data-parallax-opacity-end=\"1\" style=\" background-image:url(&#039;https:\/\/labsl.com.br\/vet\/wp-content\/uploads\/2024\/10\/Fachada.jpg&#039;);\"><\/div><\/div><div class=\"bt_bb_port\"><div class=\"bt_bb_cell\"><div class=\"bt_bb_cell_inner\"><div class=\"bt_bb_row \"  data-bt-override-class=\"{}\"><div class=\"bt_bb_row_holder\" ><div  class=\"bt_bb_column col-xxl-8 col-xl-8 bt_bb_vertical_align_middle bt_bb_align_left bt_bb_padding_normal bt_bb_animation_fade_in animate\" style=\"; --column-width:8;\" data-width=\"8\" data-bt-override-class=\"{}\"><div class=\"bt_bb_column_content\"><div class=\"bt_bb_column_content_inner\"><header class=\"bt_bb_headline bt_bb_font_weight_medium bt_bb_dash_top bt_bb_superheadline bt_bb_subheadline bt_bb_size_large bt_bb_align_inherit\" data-bt-override-class=\"{}\"><h1 class=\"bt_bb_headline_tag\"><span class=\"bt_bb_headline_superheadline\">Laborat\u00f3rio S\u00e3o Lucas<\/span><span class=\"bt_bb_headline_content\"><span>Quem Somos<\/span><\/span><\/h1><div class=\"bt_bb_headline_subheadline\">No S\u00e3o Lucas Vet, contamos com uma estrutura completa e moderna para atender com agilidade e seguran\u00e7a uma ampla gama de exames para o diagn\u00f3stico veterin\u00e1rio. <\/div><\/header><\/div><\/div><\/div><div  class=\"bt_bb_column col-xxl-4 col-xl-4 bt_bb_vertical_align_top bt_bb_align_left bt_bb_padding_normal\" style=\"; --column-width:4;\" data-width=\"4\" data-bt-override-class=\"{}\"><div class=\"bt_bb_column_content\"><div class=\"bt_bb_column_content_inner\"><\/div><\/div><\/div><\/div><\/div><\/div><!-- cell_inner --><\/div><!-- cell --><\/div><!-- port --><div class=\"bt_bb_section_bottom_section_coverage_image\"><img decoding=\"async\" src=\"https:\/\/labsl.com.br\/vet\/wp-content\/uploads\/2020\/04\/bottom_cover_3.png\" alt=\"bt_bb_section_bottom_section_coverage_image\" \/><\/div><\/section><section data-bb-version=\"4.9.1\" id=\"bt_bb_section6a04554c47e3e\" class=\"bt_bb_section bt_bb_layout_boxed_1200\"  data-bt-override-class=\"null\"><div class=\"bt_bb_port\"><div class=\"bt_bb_cell\"><div class=\"bt_bb_cell_inner\"><div class=\"bt_bb_row \"  data-bt-override-class=\"{}\"><div class=\"bt_bb_row_holder\" ><div data-bb-version=\"4.9.1\"  class=\"bt_bb_column col-xxl-12 col-xl-12 col-xs-12 col-sm-12 col-md-12 col-lg-12 bt_bb_vertical_align_top bt_bb_align_left bt_bb_padding_normal\" style=\"; --column-width:12;\" data-width=\"12\" data-bt-override-class=\"{}\"><div class=\"bt_bb_column_content\"><div class=\"bt_bb_column_content_inner\"><header class=\"bt_bb_headline bt_bb_color_scheme_12 bt_bb_dash_top bt_bb_superheadline bt_bb_size_normal bt_bb_align_inherit\" style=\"; --primary-color:#1f3b64; --secondary-color:#219191;\" data-bt-override-class=\"{}\"><h3 class=\"bt_bb_headline_tag\"><span class=\"bt_bb_headline_superheadline\">Diagn\u00f3sticos com excel\u00eancia<\/span><span class=\"bt_bb_headline_content\"><span>Conhe\u00e7a nosso prop\u00f3sito<\/span><\/span><\/h3><\/header><\/div><\/div><\/div><\/div><\/div><\/div><!-- cell_inner --><\/div><!-- cell --><\/div><!-- port --><\/section><section data-bb-version=\"4.9.1\" id=\"bt_bb_section6a04554c4805d\" class=\"bt_bb_section bt_bb_layout_boxed_1200\"  data-bt-override-class=\"null\"><div class=\"bt_bb_port\"><div class=\"bt_bb_cell\"><div class=\"bt_bb_cell_inner\"><div class=\"bt_bb_row \"  data-bt-override-class=\"{}\"><div class=\"bt_bb_row_holder\" ><div data-bb-version=\"4.9.1\"  class=\"bt_bb_column col-xxl-12 col-xl-12 col-xs-12 col-sm-12 col-md-12 col-lg-12 bt_bb_vertical_align_top bt_bb_align_left bt_bb_padding_normal\" style=\"; --column-width:12;\" data-width=\"12\" data-bt-override-class=\"{}\"><div class=\"bt_bb_column_content\"><div class=\"bt_bb_column_content_inner\"><div class=\"bt_bb_raw_content\">Nossa miss\u00e3o \u00e9 realizar exames laboratoriais veterin\u00e1rios com excel\u00eancia, entregando resultados confi\u00e1veis de forma \u00e1gil. Estamos sempre em busca de atualiza\u00e7\u00e3o cont\u00ednua, prezando pela \u00e9tica e qualidade em todos os nossos servi\u00e7os.\n<p><p>Nossa vis\u00e3o \u00e9 alcan\u00e7ar reconhecimento regional na presta\u00e7\u00e3o de servi\u00e7os de exames laboratoriais veterin\u00e1rios, mantendo a excel\u00eancia no atendimento ao cliente e fornecendo diagn\u00f3sticos precisos e confi\u00e1veis.\n<p><p>Os valores que norteiam nosso trabalho no S\u00e3o Lucas Vet s\u00e3o responsabilidade, \u00e9tica, agilidade, respeito e profissionalismo.<\/div><\/div><\/div><\/div><\/div><\/div><\/div><!-- cell_inner --><\/div><!-- cell --><\/div><!-- port --><\/section><section data-bb-version=\"4.9.1\" id=\"bt_bb_section6a04554c481d3\" class=\"bt_bb_section bt_bb_layout_boxed_1200\"  data-bt-override-class=\"null\"><div class=\"bt_bb_port\"><div class=\"bt_bb_cell\"><div class=\"bt_bb_cell_inner\"><div class=\"bt_bb_row \"  data-bt-override-class=\"{}\"><div class=\"bt_bb_row_holder\" ><div data-bb-version=\"4.9.1\"  class=\"bt_bb_column col-xxl-12 col-xl-12 col-xs-12 col-sm-12 col-md-12 col-lg-12 bt_bb_vertical_align_top bt_bb_align_left bt_bb_padding_normal\" style=\"; --column-width:12;\" data-width=\"12\" data-bt-override-class=\"{}\"><div class=\"bt_bb_column_content\"><div class=\"bt_bb_column_content_inner\"><\/div><\/div><\/div><\/div><\/div><\/div><!-- cell_inner --><\/div><!-- cell --><\/div><!-- port --><\/section><section data-bb-version=\"4.9.1\" id=\"bt_bb_section6a04554c4830b\" class=\"bt_bb_section bt_bb_layout_boxed_1200\"  data-bt-override-class=\"null\"><div class=\"bt_bb_port\"><div class=\"bt_bb_cell\"><div class=\"bt_bb_cell_inner\"><div class=\"bt_bb_row \"  data-bt-override-class=\"{}\"><div class=\"bt_bb_row_holder\" ><div data-bb-version=\"4.9.1\"  class=\"bt_bb_column col-xxl-12 col-xl-12 col-xs-12 col-sm-12 col-md-12 col-lg-12 bt_bb_vertical_align_top bt_bb_align_left bt_bb_padding_normal\" style=\"; --column-width:12;\" data-width=\"12\" data-bt-override-class=\"{}\"><div class=\"bt_bb_column_content\"><div class=\"bt_bb_column_content_inner\"><header class=\"bt_bb_headline bt_bb_color_scheme_12 bt_bb_dash_top bt_bb_superheadline bt_bb_size_normal bt_bb_align_inherit\" style=\"; --primary-color:#1f3b64; --secondary-color:#219191;\" data-bt-override-class=\"{}\"><h3 class=\"bt_bb_headline_tag\"><span class=\"bt_bb_headline_superheadline\">Especialistas<\/span><span class=\"bt_bb_headline_content\"><span>Conte com a nossa equipe!<\/span><\/span><\/h3><\/header><div class=\"bt_bb_raw_content\">Estamos prontos para prestar todo o suporte necess\u00e1rio aos m\u00e9dicos veterin\u00e1rios parceiros, beneficiando toda a comunidade com nossos servi\u00e7os de alta qualidade. Nossa equipe dedicada est\u00e1 sempre \u00e0 disposi\u00e7\u00e3o para garantir que voc\u00ea e seus pacientes recebam o nosso melhor atendimento.<p><p>\nO S\u00e3o Lucas Vet tem como respons\u00e1vel t\u00e9cnica a m\u00e9dica veterin\u00e1ria Fernanda Cavalheiro Pozzatti. Graduada em Medicina Veterin\u00e1ria em 2015 pela Universidade FAI de Santa Catarina e p\u00f3s-graduada em An\u00e1lises Cl\u00ednicas, Fernanda possui mais de 6 anos de experi\u00eancia em patologia cl\u00ednica veterin\u00e1ria inscrita no CRMV-PR 15322 .\n<p><p>No S\u00e3o Lucas Vet, sua confian\u00e7a \u00e9 nossa prioridade. Estamos aqui para oferecer diagn\u00f3sticos precisos e r\u00e1pidos, contribuindo para a sa\u00fade e bem-estar dos animais<\/div><\/div><\/div><\/div><\/div><\/div><\/div><!-- cell_inner --><\/div><!-- cell --><\/div><!-- port --><\/section><\/p>\n","protected":false},"excerpt":{"rendered":"","protected":false},"author":2,"featured_media":0,"parent":0,"menu_order":0,"comment_status":"closed","ping_status":"closed","template":"","meta":{"footnotes":""},"class_list":["post-3239","page","type-page","status-publish","hentry"],"_links":{"self":[{"href":"https:\/\/labsl.com.br\/vet\/wp-json\/wp\/v2\/pages\/3239","targetHints":{"allow":["GET"]}}],"collection":[{"href":"https:\/\/labsl.com.br\/vet\/wp-json\/wp\/v2\/pages"}],"about":[{"href":"https:\/\/labsl.com.br\/vet\/wp-json\/wp\/v2\/types\/page"}],"author":[{"embeddable":true,"href":"https:\/\/labsl.com.br\/vet\/wp-json\/wp\/v2\/users\/2"}],"replies":[{"embeddable":true,"href":"https:\/\/labsl.com.br\/vet\/wp-json\/wp\/v2\/comments?post=3239"}],"version-history":[{"count":5,"href":"https:\/\/labsl.com.br\/vet\/wp-json\/wp\/v2\/pages\/3239\/revisions"}],"predecessor-version":[{"id":3488,"href":"https:\/\/labsl.com.br\/vet\/wp-json\/wp\/v2\/pages\/3239\/revisions\/3488"}],"wp:attachment":[{"href":"https:\/\/labsl.com.br\/vet\/wp-json\/wp\/v2\/media?parent=3239"}],"curies":[{"name":"wp","href":"https:\/\/api.w.org\/{rel}","templated":true}]}}